{"id":1155,"date":"2023-08-22T17:40:15","date_gmt":"2023-08-22T17:40:15","guid":{"rendered":"https:\/\/swebalk.com\/?page_id=1155"},"modified":"2023-09-11T18:12:08","modified_gmt":"2023-09-11T18:12:08","slug":"kantpres-ahk-h-cnc-series","status":"publish","type":"page","link":"https:\/\/swebalk.com\/en\/produkter\/platbearbetning\/kantpressar\/kantpres-ahk-h-cnc-series\/","title":{"rendered":"Kantpress AHK H CNC Series"},"content":{"rendered":"<div class=\"wp-block-columns is-layout-flex wp-container-core-columns-is-layout-9d6595d7 wp-block-columns-is-layout-flex\">\n<div class=\"wp-block-column is-layout-flow wp-block-column-is-layout-flow\">\n<p>Kantpressarna i AHK-H-serien \u00e4r bland v\u00e5ra stors\u00e4ljare. Denna serie uppfyller alla f\u00f6rv\u00e4ntningar vad g\u00e4ller stabilitet, precision och h\u00e5llbarhet. Utvecklad med den senaste byggtekniken och byggd p\u00e5 de senaste produktionslinjerna, \u00e4r AHK-H-serien utrustad med en grafisk peksk\u00e4rmskontroll fr\u00e5n DELEM. Detta ger kraftfull CNC-programmering och full kontroll \u00f6ver hela bockningsprocessen. I kombination med de olika alternativen f\u00f6r bakanh\u00e5ll kan dessa kantpressar anpassas till en m\u00e4ngd olika l\u00e4ngder.<\/p>\n\n\n\n<p>AHK H kantpressar finns i 20 olika versioner.<\/p>\n\n\n\n<p>Fr\u00e5n 60 till 400 ton presskraft och l\u00e4ngder fr\u00e5n 1500 mm upp till 6100 mm.<\/p>\n\n\n\n<p>F\u00f6r mer info om produkten och tillbeh\u00f6r se produktblad eller kontakta oss<\/p>\n<\/div>\n<\/div>\n\n\n\n<figure class=\"wp-block-table is-style-stripes has-small-font-size\"><table><thead><tr><th>Modell<\/th><th>AHK H 15060 CNC<\/th><th>AHK H 20080 CNC<\/th><th>AHK H 26100 CNC<\/th><th>AHK H 30100 CNC<\/th><th>AHK H 30135 CNC<\/th><\/tr><\/thead><tbody><tr><td>Presskraft<\/td><td>60t<\/td><td>80t<\/td><td>100t<\/td><td>100t<\/td><td>135t<\/td><\/tr><tr><td>Arbetsl\u00e4ngd<\/td><td>1500 mm<\/td><td>2100 mm<\/td><td>2600 mm<\/td><td>3100 mm<\/td><td>3100 mm<\/td><\/tr><tr><td>Avst\u00e5nd mellan gavlar<\/td><td>1300 mm<\/td><td>1700 mm<\/td><td>2200 mm<\/td><td>2600 mm<\/td><td>2600 mm<\/td><\/tr><tr><td>Slagl\u00e4ngd<\/td><td>265 mm<\/td><td>265 mm<\/td><td>265 mm<\/td><td>265 mm<\/td><td>265 mm<\/td><\/tr><tr><td>Arbetshastighet<\/td><td>9 mm\/s<\/td><td>9 mm\/s<\/td><td>10 mm\/s<\/td><td>10 mm\/s<\/td><td>9 mm\/s<\/td><\/tr><tr><td>Returhastighet<\/td><td>150 mm\/s<\/td><td>145 mm\/s<\/td><td>130 mm\/s<\/td><td>130 mm\/s<\/td><td>120 mm\/s<\/td><\/tr><tr><td>Motor effekt<\/td><td>7,5 kW<\/td><td>7,5 kW<\/td><td>11 kW<\/td><td>11 kW<\/td><td>15 kW<\/td><\/tr><tr><td>Maskin dimension<\/td><td>2,4 x 1,75 x 2,55<\/td><td>3,05 x 1,8 x 2,68<\/td><td>3,45 x 1,9 x 2,71<\/td><td>3,95 x 1,9 x 2,76<\/td><td>3,95 x 1,95 x 2,81<\/td><\/tr><tr><td>Vikt<\/td><td>4300<\/td><td>5700<\/td><td>6700<\/td><td>8000<\/td><td>9000<\/td><\/tr><\/tbody><\/table><\/figure>\n\n\n\n<figure class=\"wp-block-table is-style-stripes has-small-font-size\"><table><thead><tr><th>Modell<\/th><th>AHK H 30175 CNC<\/th><th>AHK H 30220 CNC<\/th><th>AHK H 30270 CNC<\/th><th>AHK H 30320 CNC<\/th><th>AHK H 37175 CNC<\/th><\/tr><\/thead><tbody><tr><td>Presskraft<\/td><td>175t<\/td><td>220t<\/td><td>270t<\/td><td>320t<\/td><td>175t<\/td><\/tr><tr><td>Arbetsl\u00e4ngd<\/td><td>3100 mm<\/td><td>3100 mm<\/td><td>3100 mm<\/td><td>3100 mm<\/td><td>3700 mm<\/td><\/tr><tr><td>Avst\u00e5nd mellan gavlar<\/td><td>2600 mm<\/td><td>2600 mm<\/td><td>2600 mm<\/td><td>2600 mm<\/td><td>3200 mm<\/td><\/tr><tr><td>Slagl\u00e4ngd<\/td><td>265 mm<\/td><td>265 mm<\/td><td>265 mm<\/td><td>365 mm<\/td><td>265 mm<\/td><\/tr><tr><td>Arbetshastighet<\/td><td>10 mm\/s<\/td><td>10 mm\/s<\/td><td>9 mm\/s<\/td><td>7 mm\/s<\/td><td>10 mm\/s<\/td><\/tr><tr><td>Returhastighet<\/td><td>120 mm\/s<\/td><td>140 mm\/s<\/td><td>125 mm\/s<\/td><td>110 mm\/s<\/td><td>120 mm\/s<\/td><\/tr><tr><td>Motor effekt<\/td><td>18,5 kW<\/td><td>22 kW<\/td><td>22 kW<\/td><td>30 kW<\/td><td>18,5 kW<\/td><\/tr><tr><td>Maskin dimension<\/td><td>3,95 x 1,98 x 2,85<\/td><td>4,0 x 2,0 x 2,92<\/td><td>4,0 x 2,0 x 2,92<\/td><td>4,05 x 2,1 x 3,12<\/td><td>4,55 x 2,0 x 2,9<\/td><\/tr><tr><td>Vikt<\/td><td>11000<\/td><td>12200<\/td><td>13000<\/td><td>14000<\/td><td>11500<\/td><\/tr><\/tbody><\/table><\/figure>\n\n\n\n<figure class=\"wp-block-table is-style-stripes has-small-font-size\"><table><thead><tr><th>Modell<\/th><th>AHK H 37220 CNC<\/th><th>AHK H 37320 CNC<\/th><th>AHK H 40135 CNC<\/th><th>AHK H 40175 CNC<\/th><th>AHK H 40220 CNC<\/th><\/tr><\/thead><tbody><tr><td>Presskraft<\/td><td>220t<\/td><td>320t<\/td><td>135t<\/td><td>175t<\/td><td>220t<\/td><\/tr><tr><td>Arbetsl\u00e4ngd<\/td><td>3700 mm<\/td><td>3700 mm<\/td><td>4100 mm<\/td><td>4100 mm<\/td><td>4100 mm<\/td><\/tr><tr><td>Avst\u00e5nd mellan gavlar<\/td><td>3200 mm<\/td><td>3200 mm<\/td><td>3600 mm<\/td><td>3600 mm<\/td><td>3600 mm<\/td><\/tr><tr><td>Slagl\u00e4ngd<\/td><td>265 mm<\/td><td>315 mm<\/td><td>265 mm<\/td><td>265 mm<\/td><td>265 mm<\/td><\/tr><tr><td>Arbetshastighet<\/td><td>10 mm\/s<\/td><td>7 mm\/s<\/td><td>7 mm\/s<\/td><td>10 mm\/s<\/td><td>9 mm\/s<\/td><\/tr><tr><td>Returhastighet<\/td><td>140 mm\/s<\/td><td>90 mm\/s<\/td><td>110 mm\/s<\/td><td>120 mm\/s<\/td><td>140 mm\/s<\/td><\/tr><tr><td>Motor effekt<\/td><td>22 kW<\/td><td>22 kW<\/td><td>11 kW<\/td><td>18,5 kW<\/td><td>22 kW<\/td><\/tr><tr><td>Maskin dimension<\/td><td>4,55 x 2,0 x 3,0<\/td><td>4,7 x 2,17 x 3,21<\/td><td>5,02 x 1,85 x 2,73<\/td><td>4,95 x 2,0 x 2,95<\/td><td>4,95 x 2,0 x 3,0<\/td><\/tr><tr><td>Vikt<\/td><td>13900<\/td><td>15500<\/td><td>10000<\/td><td>13000<\/td><td>15000<\/td><\/tr><\/tbody><\/table><\/figure>\n\n\n\n<figure class=\"wp-block-table is-style-stripes has-small-font-size\"><table><thead><tr><th>Modell<\/th><th>AHK H 40270 CNC<\/th><th>AHK H 40320 CNC<\/th><th>AHK H 60320 CNC<\/th><th>AHK H 60220 CNC<\/th><th>AHK H 60400 CNC<\/th><\/tr><\/thead><tbody><tr><td>Presskraft<\/td><td>270t<\/td><td>320t<\/td><td>320t<\/td><td>220t<\/td><td>400t<\/td><\/tr><tr><td>Arbetsl\u00e4ngd<\/td><td>4100 mm<\/td><td>4100 mm<\/td><td>6100 mm<\/td><td>6100 mm<\/td><td>6100 mm<\/td><\/tr><tr><td>Avst\u00e5nd mellan gavlar<\/td><td>3600 mm<\/td><td>3600 mm<\/td><td>5100 mm<\/td><td>5100 mm<\/td><td>5100 mm<\/td><\/tr><tr><td>Slagl\u00e4ngd<\/td><td>265 mm<\/td><td>365 mm<\/td><td>365 mm<\/td><td>265 mm<\/td><td>365 mm<\/td><\/tr><tr><td>Arbetshastighet<\/td><td>9 mm\/s<\/td><td>7 mm\/s<\/td><td>8 mm\/s<\/td><td>7 mm\/s<\/td><td>8,5 mm\/s<\/td><\/tr><tr><td>Returhastighet<\/td><td>125 mm\/s<\/td><td>90 mm\/s<\/td><td>90 mm\/s<\/td><td>100 mm\/s<\/td><td>80 mm\/s<\/td><\/tr><tr><td>Motor effekt<\/td><td>22 kW<\/td><td>30 kW<\/td><td>30 kW<\/td><td>18,5 kW<\/td><td>37 kW<\/td><\/tr><tr><td>Maskin dimension<\/td><td>4,95 x 2,0 x 3,0<\/td><td>5,0 x 2,25 x 3,25<\/td><td>7,0 x 2,25 x 3,55<\/td><td>7,0 x 2,0 x 3,35<\/td><td>7,05 x 2,25 x 3,71<\/td><\/tr><tr><td>Vikt<\/td><td>17500<\/td><td>20500<\/td><td>28000<\/td><td>20400<\/td><td>35000<\/td><\/tr><\/tbody><\/table><\/figure>\n\n\n\n<div class=\"wp-block-buttons is-layout-flex wp-block-buttons-is-layout-flex\">\n<div class=\"wp-block-button has-custom-width wp-block-button__width-50\"><a class=\"wp-block-button__link has-white-color has-vivid-red-background-color has-text-color has-background wp-element-button\" href=\"https:\/\/swebalk.com\/wp-content\/uploads\/2023\/08\/AHK-H-15060-CNC-Datasheet.pdf\" target=\"_blank\" rel=\"noreferrer noopener\"><strong>Art. 182620<\/strong> <br>AHK H 15060 CNC<\/a><\/div>\n\n\n\n<div class=\"wp-block-button has-custom-width wp-block-button__width-50\"><a class=\"wp-block-button__link has-white-color has-vivid-red-background-color has-text-color has-background wp-element-button\" href=\"https:\/\/swebalk.com\/wp-content\/uploads\/2023\/08\/AHK-H-20080-CNC-Datasheet.pdf\" target=\"_blank\" rel=\"noreferrer noopener\"><strong>Art. 182621<\/strong> <br>AHK H 20080 CNC<\/a><\/div>\n\n\n\n<div class=\"wp-block-button has-custom-width wp-block-button__width-50\"><a class=\"wp-block-button__link has-white-color has-vivid-red-background-color has-text-color has-background wp-element-button\" href=\"https:\/\/swebalk.com\/wp-content\/uploads\/2023\/08\/AHK-H-26100-CNC-Datasheet.pdf\" target=\"_blank\" rel=\"noreferrer noopener\"><strong>Art. 182622<\/strong><br>AHK H 26100 CNC<\/a><\/div>\n\n\n\n<div class=\"wp-block-button has-custom-width wp-block-button__width-50\"><a class=\"wp-block-button__link has-white-color has-vivid-red-background-color has-text-color has-background wp-element-button\" href=\"https:\/\/swebalk.com\/wp-content\/uploads\/2023\/08\/AHK-H-30100-CNC-Datasheet.pdf\" target=\"_blank\" rel=\"noreferrer noopener\"><strong>Art. 182624<\/strong> <br>AHK H 30100 CNC<\/a><\/div>\n\n\n\n<div class=\"wp-block-button has-custom-width wp-block-button__width-50\"><a class=\"wp-block-button__link has-white-color has-vivid-red-background-color has-text-color has-background wp-element-button\" href=\"https:\/\/swebalk.com\/wp-content\/uploads\/2023\/08\/AHK-H-30135-CNC-Datasheet.pdf\" target=\"_blank\" rel=\"noreferrer noopener\"><strong>Art. 182625<\/strong> <br>AHK H 30135 CNC<\/a><\/div>\n\n\n\n<div class=\"wp-block-button has-custom-width wp-block-button__width-50\"><a class=\"wp-block-button__link has-white-color has-vivid-red-background-color has-text-color has-background wp-element-button\" href=\"https:\/\/swebalk.com\/wp-content\/uploads\/2023\/08\/AHK-H-30175-CNC-Datasheet.pdf\" target=\"_blank\" rel=\"noreferrer noopener\"><strong>Art. 182626<\/strong> <br>AHK H 30175 CNC<\/a><\/div>\n\n\n\n<div class=\"wp-block-button has-custom-width wp-block-button__width-50\"><a class=\"wp-block-button__link has-white-color has-vivid-red-background-color has-text-color has-background wp-element-button\" href=\"https:\/\/swebalk.com\/wp-content\/uploads\/2023\/08\/AHK-H-30220-CNC-Datasheet.pdf\" target=\"_blank\" rel=\"noreferrer noopener\"><strong>Art. 182627<\/strong> <br>AHK H 30220 CNC<\/a><\/div>\n\n\n\n<div class=\"wp-block-button has-custom-width wp-block-button__width-50\"><a class=\"wp-block-button__link has-white-color has-vivid-red-background-color has-text-color has-background wp-element-button\" href=\"https:\/\/swebalk.com\/wp-content\/uploads\/2023\/08\/AHK-H-30270-CNC-Datasheet.pdf\" target=\"_blank\" rel=\"noreferrer noopener\"><strong>Art. 182636<\/strong> <br>AHK H 30270 CNC<\/a><\/div>\n\n\n\n<div class=\"wp-block-button has-custom-width wp-block-button__width-50\"><a class=\"wp-block-button__link has-white-color has-vivid-red-background-color has-text-color has-background wp-element-button\" href=\"https:\/\/swebalk.com\/wp-content\/uploads\/2023\/08\/AHK-H-30320-CNC-Datasheet.pdf\" target=\"_blank\" rel=\"noreferrer noopener\"><strong>Art. 182628<\/strong> <br>AHK H 30320 CNC<\/a><\/div>\n\n\n\n<div class=\"wp-block-button has-custom-width wp-block-button__width-50\"><a class=\"wp-block-button__link has-white-color has-vivid-red-background-color has-text-color has-background wp-element-button\" href=\"https:\/\/swebalk.com\/wp-content\/uploads\/2023\/08\/AHK-H-37175-CNC-Datasheet.pdf\" target=\"_blank\" rel=\"noreferrer noopener\"><strong>Art. 182638<\/strong> <br>AHK H 37175 CNC<\/a><\/div>\n\n\n\n<div class=\"wp-block-button has-custom-width wp-block-button__width-50\"><a class=\"wp-block-button__link has-white-color has-vivid-red-background-color has-text-color has-background wp-element-button\" href=\"https:\/\/swebalk.com\/wp-content\/uploads\/2023\/08\/AHK-H-37220-CNC-Datasheet.pdf\" target=\"_blank\" rel=\"noreferrer noopener\"><strong>Art. 182629<\/strong> <br>AHK H 37220 CNC<\/a><\/div>\n\n\n\n<div class=\"wp-block-button has-custom-width wp-block-button__width-50\"><a class=\"wp-block-button__link has-white-color has-vivid-red-background-color has-text-color has-background wp-element-button\" href=\"https:\/\/swebalk.com\/wp-content\/uploads\/2023\/08\/AHK-H-37320-CNC-Datasheet.pdf\" target=\"_blank\" rel=\"noreferrer noopener\"><strong>Art. 1826<\/strong>44 <br>AHK H 37320 CNC<\/a><\/div>\n\n\n\n<div class=\"wp-block-button has-custom-width wp-block-button__width-50\"><a class=\"wp-block-button__link has-white-color has-vivid-red-background-color has-text-color has-background wp-element-button\" href=\"https:\/\/swebalk.com\/wp-content\/uploads\/2023\/08\/AHK-H-40135-CNC-Datasheet.pdf\" target=\"_blank\" rel=\"noreferrer noopener\"><strong>Art. 182645<\/strong> <br>AHK H 40135 CNC<\/a><\/div>\n\n\n\n<div class=\"wp-block-button has-custom-width wp-block-button__width-50\"><a class=\"wp-block-button__link has-white-color has-vivid-red-background-color has-text-color has-background wp-element-button\" href=\"https:\/\/swebalk.com\/wp-content\/uploads\/2023\/08\/AHK-H-40175-CNC-Datasheet.pdf\" target=\"_blank\" rel=\"noreferrer noopener\"><strong>Art. 182630<\/strong> <br>AHK H 40175 CNC<\/a><\/div>\n\n\n\n<div class=\"wp-block-button has-custom-width wp-block-button__width-50\"><a class=\"wp-block-button__link has-white-color has-vivid-red-background-color has-text-color has-background wp-element-button\" href=\"https:\/\/swebalk.com\/wp-content\/uploads\/2023\/08\/AHK-H-40220-CNC-Datasheet.pdf\" target=\"_blank\" rel=\"noreferrer noopener\"><strong>Art. 182631<\/strong> <br>AHK H 40220 CNC<\/a><\/div>\n\n\n\n<div class=\"wp-block-button has-custom-width wp-block-button__width-50\"><a class=\"wp-block-button__link has-white-color has-vivid-red-background-color has-text-color has-background wp-element-button\" href=\"https:\/\/swebalk.com\/wp-content\/uploads\/2023\/08\/AHK-H-40270-CNC-Datasheet.pdf\" target=\"_blank\" rel=\"noreferrer noopener\"><strong>Art. 182637<\/strong> <br>AHK H 40270 CNC<\/a><\/div>\n\n\n\n<div class=\"wp-block-button has-custom-width wp-block-button__width-50\"><a class=\"wp-block-button__link has-white-color has-vivid-red-background-color has-text-color has-background wp-element-button\" href=\"https:\/\/swebalk.com\/wp-content\/uploads\/2023\/08\/AHK-H-40320-CNC-Datasheet.pdf\" target=\"_blank\" rel=\"noreferrer noopener\"><strong>Art. 182632<\/strong> <br>AHK H 40320 CNC<\/a><\/div>\n\n\n\n<div class=\"wp-block-button has-custom-width wp-block-button__width-50\"><a class=\"wp-block-button__link has-white-color has-vivid-red-background-color has-text-color has-background wp-element-button\" href=\"https:\/\/swebalk.com\/wp-content\/uploads\/2023\/08\/AHK-H-60320-CNC-Datasheet.pdf\" target=\"_blank\" rel=\"noreferrer noopener\"><strong>Art. 182634<\/strong> <br>AHK H 60320 CNC<\/a><\/div>\n\n\n\n<div class=\"wp-block-button has-custom-width wp-block-button__width-50\"><a class=\"wp-block-button__link has-white-color has-vivid-red-background-color has-text-color has-background wp-element-button\" href=\"https:\/\/swebalk.com\/wp-content\/uploads\/2023\/08\/AHK-H-60220-CNC-Datasheet.pdf\" target=\"_blank\" rel=\"noreferrer noopener\"><strong>Art. 182646<\/strong> <br>AHK H 60220 CNC<\/a><\/div>\n\n\n\n<div class=\"wp-block-button has-custom-width wp-block-button__width-50\"><a class=\"wp-block-button__link has-white-color has-vivid-red-background-color has-text-color has-background wp-element-button\" href=\"https:\/\/swebalk.com\/wp-content\/uploads\/2023\/08\/AHK-H-60400-CNC-Datasheet.pdf\" target=\"_blank\" rel=\"noreferrer noopener\"><strong>Art. 182635<\/strong> <br>AHK H 60400 CNC<\/a><\/div>\n<\/div>","protected":false},"excerpt":{"rendered":"<p>Kantpressarna i AHK-H-serien \u00e4r bland v\u00e5ra stors\u00e4ljare. Denna serie uppfyller alla f\u00f6rv\u00e4ntningar vad g\u00e4ller stabilitet, precision och h\u00e5llbarhet. Utvecklad med den senaste byggtekniken och byggd p\u00e5 de senaste produktionslinjerna, \u00e4r AHK-H-serien utrustad med en grafisk peksk\u00e4rmskontroll fr\u00e5n DELEM. Detta ger kraftfull CNC-programmering och full kontroll \u00f6ver hela bockningsprocessen. I kombination med de olika alternativen f\u00f6r [&hellip;]<\/p>\n","protected":false},"author":1,"featured_media":0,"parent":661,"menu_order":0,"comment_status":"closed","ping_status":"closed","template":"templates\/template-full.php","meta":{"_acf_changed":false,"footnotes":""},"class_list":["post-1155","page","type-page","status-publish","hentry","post"],"acf":[],"_links":{"self":[{"href":"https:\/\/swebalk.com\/en\/wp-json\/wp\/v2\/pages\/1155","targetHints":{"allow":["GET"]}}],"collection":[{"href":"https:\/\/swebalk.com\/en\/wp-json\/wp\/v2\/pages"}],"about":[{"href":"https:\/\/swebalk.com\/en\/wp-json\/wp\/v2\/types\/page"}],"author":[{"embeddable":true,"href":"https:\/\/swebalk.com\/en\/wp-json\/wp\/v2\/users\/1"}],"replies":[{"embeddable":true,"href":"https:\/\/swebalk.com\/en\/wp-json\/wp\/v2\/comments?post=1155"}],"version-history":[{"count":3,"href":"https:\/\/swebalk.com\/en\/wp-json\/wp\/v2\/pages\/1155\/revisions"}],"predecessor-version":[{"id":2547,"href":"https:\/\/swebalk.com\/en\/wp-json\/wp\/v2\/pages\/1155\/revisions\/2547"}],"up":[{"embeddable":true,"href":"https:\/\/swebalk.com\/en\/wp-json\/wp\/v2\/pages\/661"}],"wp:attachment":[{"href":"https:\/\/swebalk.com\/en\/wp-json\/wp\/v2\/media?parent=1155"}],"curies":[{"name":"wp","href":"https:\/\/api.w.org\/{rel}","templated":true}]}}