{"id":1151,"date":"2023-08-22T14:47:18","date_gmt":"2023-08-22T14:47:18","guid":{"rendered":"https:\/\/swebalk.com\/?page_id=1151"},"modified":"2023-09-07T14:08:06","modified_gmt":"2023-09-07T14:08:06","slug":"tradgnist-maskin-neospark-b-300","status":"publish","type":"page","link":"https:\/\/swebalk.com\/en\/produkter\/skarandebearbetning\/edm\/tradgnist-maskin-neospark-b-300\/","title":{"rendered":"Tr\u00e5dgnistmaskin NeoSpark B 300"},"content":{"rendered":"<p>Art. 180566<\/p>\n\n\n\n<div class=\"wp-block-columns is-layout-flex wp-container-core-columns-is-layout-9d6595d7 wp-block-columns-is-layout-flex\">\n<div class=\"wp-block-column is-layout-flow wp-block-column-is-layout-flow\">\n<figure class=\"wp-block-image size-full\"><a href=\"https:\/\/swebalk.com\/wp-content\/uploads\/2023\/08\/image-36.png\"><img decoding=\"async\" src=\"https:\/\/swebalk.com\/wp-content\/uploads\/2023\/08\/image-36.png\" alt=\"\" class=\"wp-image-1152\"\/><\/a><\/figure>\n\n\n\n<div class=\"wp-block-columns is-layout-flex wp-container-core-columns-is-layout-9d6595d7 wp-block-columns-is-layout-flex\">\n<div class=\"wp-block-column is-layout-flow wp-block-column-is-layout-flow\">\n<figure class=\"wp-block-image size-full\"><a href=\"https:\/\/swebalk.com\/wp-content\/uploads\/2023\/09\/image-23.png\"><img decoding=\"async\" src=\"https:\/\/swebalk.com\/wp-content\/uploads\/2023\/09\/image-23.png\" alt=\"\" class=\"wp-image-2154\"\/><\/a><\/figure>\n<\/div>\n\n\n\n<div class=\"wp-block-column is-layout-flow wp-block-column-is-layout-flow\">\n<figure class=\"wp-block-image size-full\"><a href=\"https:\/\/swebalk.com\/wp-content\/uploads\/2023\/09\/image-24.png\"><img decoding=\"async\" src=\"https:\/\/swebalk.com\/wp-content\/uploads\/2023\/09\/image-24.png\" alt=\"\" class=\"wp-image-2155\"\/><\/a><\/figure>\n<\/div>\n\n\n\n<div class=\"wp-block-column is-layout-flow wp-block-column-is-layout-flow\">\n<figure class=\"wp-block-image size-full\"><a href=\"https:\/\/swebalk.com\/wp-content\/uploads\/2023\/09\/image-25.png\"><img decoding=\"async\" src=\"https:\/\/swebalk.com\/wp-content\/uploads\/2023\/09\/image-25.png\" alt=\"\" class=\"wp-image-2157\"\/><\/a><\/figure>\n<\/div>\n<\/div>\n<\/div>\n\n\n\n<div class=\"wp-block-column is-layout-flow wp-block-column-is-layout-flow\">\n<p>Maskinerna i NeoSpark CNC-serien \u00e4r bland de mest exakta tr\u00e5dgnist maskinerna p\u00e5 marknaden. De erbjuder utm\u00e4rkt prestanda vid verktygstillverkning. NeoSpark-serien \u00e4r ett popul\u00e4rt val f\u00f6r f\u00f6retag som \u00e4r specialiserade p\u00e5 additiv tillverkning och vill separera den f\u00e4rdiga delen fr\u00e5n sin basplatta med h\u00f6g precision. H\u00f6ghastighetstr\u00e5dsk\u00e4rning garanterar deformationsfri och grad fri sk\u00e4rning av \u00e4ven de mest k\u00e4nsliga 3-D-tryckta metallstrukturer med b\u00e4sta ytkvalitet.<\/p>\n\n\n\n<p>L\u00e4tt programmerbar CNC-kontroll<\/p>\n\n\n\n<p>Systemdiagnostik i realtid, h\u00f6g processtillf\u00f6rlitlighet<\/p>\n\n\n\n<p>Tidsbesparande programmering under bearbetningsprocessen<\/p>\n<\/div>\n<\/div>\n\n\n\n<figure class=\"wp-block-table is-style-stripes\"><table><tbody><tr><td>Arbetsbord dimension <\/td><td>620 x 440 mm<\/td><\/tr><tr><td>Arbetsstycke max. (LxBxH) <\/td><td>950 x 550 x 300 mm<\/td><\/tr><tr><td>Arbetsstycke max. vikt <\/td><td>500 kg<\/td><\/tr><tr><td>R\u00f6relse X-axel <\/td><td>400 mm<\/td><\/tr><tr><td>R\u00f6relse X-axel <\/td><td>300 mm<\/td><\/tr><tr><td>R\u00f6relse Z-axel <\/td><td>250 mm<\/td><\/tr><tr><td>R\u00f6relse U \/ V-axel <\/td><td>70 \/ 70 mm<\/td><\/tr><tr><td>Sk\u00e4r vinkel<\/td><td>\u00b1 10\u00b0 \/ 80 mm<\/td><\/tr><tr><td>Sk\u00e4r kapacitet max<\/td><td>300 mm\u00b2\/min<\/td><\/tr><tr><td>Generator<\/td><td>10 A<\/td><\/tr><tr><td>Vatten tank<\/td><td>120 L<\/td><\/tr><tr><td>Matninghastighet X- \/ Y-axel<\/td><td>1000 mm\/min<\/td><\/tr><tr><td>Noggrannhet  X- \/ Y-axel<\/td><td>0,01 mm<\/td><\/tr><tr><td>Noggrannhet  U \/ V-axel<\/td><td>0,02 mm<\/td><\/tr><tr><td>Repeterbarhet X- \/ Y-axel<\/td><td>0,005 mm<\/td><\/tr><tr><td>Repeterbarhet U \/ V-axel<\/td><td>0,01 mm<\/td><\/tr><tr><td>Ytfinish max<\/td><td>0,8 \u00b5m Ra<\/td><\/tr><tr><td>Maskin dimension<\/td><td>2,04 m x 1,6 m x 1,83 m<\/td><\/tr><tr><td>Vikt<\/td><td>2000 kg<\/td><\/tr><\/tbody><\/table><\/figure>\n\n\n\n<div class=\"wp-block-buttons is-layout-flex wp-block-buttons-is-layout-flex\">\n<div class=\"wp-block-button\"><a class=\"wp-block-button__link has-white-color has-vivid-red-background-color has-text-color has-background wp-element-button\" href=\"https:\/\/swebalk.com\/wp-content\/uploads\/2023\/08\/NeoSpark-B-300-Datasheet.pdf\" target=\"_blank\" rel=\"noreferrer noopener\">Produktblad NeoSpark B 300 <\/a><\/div>\n<\/div>","protected":false},"excerpt":{"rendered":"<p>Art. 180566 Maskinerna i NeoSpark CNC-serien \u00e4r bland de mest exakta tr\u00e5dgnist maskinerna p\u00e5 marknaden. De erbjuder utm\u00e4rkt prestanda vid verktygstillverkning. NeoSpark-serien \u00e4r ett popul\u00e4rt val f\u00f6r f\u00f6retag som \u00e4r specialiserade p\u00e5 additiv tillverkning och vill separera den f\u00e4rdiga delen fr\u00e5n sin basplatta med h\u00f6g precision. H\u00f6ghastighetstr\u00e5dsk\u00e4rning garanterar deformationsfri och grad fri sk\u00e4rning av \u00e4ven [&hellip;]<\/p>\n","protected":false},"author":1,"featured_media":0,"parent":403,"menu_order":0,"comment_status":"closed","ping_status":"closed","template":"templates\/template-full.php","meta":{"_acf_changed":false,"footnotes":""},"class_list":["post-1151","page","type-page","status-publish","hentry","post"],"acf":[],"_links":{"self":[{"href":"https:\/\/swebalk.com\/en\/wp-json\/wp\/v2\/pages\/1151","targetHints":{"allow":["GET"]}}],"collection":[{"href":"https:\/\/swebalk.com\/en\/wp-json\/wp\/v2\/pages"}],"about":[{"href":"https:\/\/swebalk.com\/en\/wp-json\/wp\/v2\/types\/page"}],"author":[{"embeddable":true,"href":"https:\/\/swebalk.com\/en\/wp-json\/wp\/v2\/users\/1"}],"replies":[{"embeddable":true,"href":"https:\/\/swebalk.com\/en\/wp-json\/wp\/v2\/comments?post=1151"}],"version-history":[{"count":4,"href":"https:\/\/swebalk.com\/en\/wp-json\/wp\/v2\/pages\/1151\/revisions"}],"predecessor-version":[{"id":2365,"href":"https:\/\/swebalk.com\/en\/wp-json\/wp\/v2\/pages\/1151\/revisions\/2365"}],"up":[{"embeddable":true,"href":"https:\/\/swebalk.com\/en\/wp-json\/wp\/v2\/pages\/403"}],"wp:attachment":[{"href":"https:\/\/swebalk.com\/en\/wp-json\/wp\/v2\/media?parent=1151"}],"curies":[{"name":"wp","href":"https:\/\/api.w.org\/{rel}","templated":true}]}}