{"id":1145,"date":"2023-08-22T14:13:04","date_gmt":"2023-08-22T14:13:04","guid":{"rendered":"https:\/\/swebalk.com\/?page_id=1145"},"modified":"2023-08-30T17:36:54","modified_gmt":"2023-08-30T17:36:54","slug":"kapmaskin-kks-t","status":"publish","type":"page","link":"https:\/\/swebalk.com\/en\/produkter\/skarandebearbetning\/sagning-kapning\/kapmaskin-kks-t\/","title":{"rendered":"Kapmaskin KKS T"},"content":{"rendered":"<figure class=\"wp-block-table is-style-stripes\"><table><tbody><tr><td>Art. 102119<br>KKS 250 T<\/td><td>Art. 102118<br>KKS 275 T<\/td><td>Art. 102120<br>KKS 315 T<\/td><td>Art. 102121<br>KKS 350 T<\/td><\/tr><\/tbody><\/table><\/figure>\n\n\n\n<div class=\"wp-block-columns is-layout-flex wp-container-core-columns-is-layout-9d6595d7 wp-block-columns-is-layout-flex\">\n<div class=\"wp-block-column is-layout-flow wp-block-column-is-layout-flow\">\n<figure class=\"wp-block-image size-large\"><img decoding=\"async\" src=\"https:\/\/swebalk.com\/wp-content\/uploads\/2023\/08\/image-35-529x1024.png\" alt=\"\" class=\"wp-image-1146\"\/><\/figure>\n<\/div>\n\n\n\n<div class=\"wp-block-column is-layout-flow wp-block-column-is-layout-flow\">\n<p>Manuella kalls\u00e5gar KKS T \u00e4r utrustade med allt du beh\u00f6ver f\u00f6r att bearbeta mindre r\u00f6r och profiler. Du kan klippa exakta geringar med alla modeller. Skruvstycken p\u00e5 modellen KKS T315\/350 \u00e4r sj\u00e4lvcentrerande f\u00f6r optimal sk\u00e4rning. Modeller med 250\/275 mm s\u00e5gblad \u00e4r utrustade med en snabbsp\u00e4nnskruv.<\/p>\n\n\n\n<p>Bands\u00e5gen kan p\u00e5 beg\u00e4ran levereras med passande rullbanor samt m\u00e4tskalan och material stopp.<\/p>\n\n\n\n<p>F\u00f6r mer info om produkten och tillbeh\u00f6r se produktblad eller kontakta oss.<\/p>\n<\/div>\n<\/div>\n\n\n\n<figure class=\"wp-block-table\"><table><tbody><tr><td class=\"has-text-align-center\" data-align=\"center\"><\/td><td><strong>0\u00b0<\/strong><\/td><td><strong>-45\u00b0<\/strong><\/td><td><strong>+45\u00b0<\/strong><\/td><\/tr><tr><td class=\"has-text-align-center\" data-align=\"center\">Modell<\/td><td>250\/275\/315\/350<\/td><td>250\/275\/315\/350<\/td><td>250\/275\/315\/350<\/td><\/tr><tr><td class=\"has-text-align-center\" data-align=\"center\"><img decoding=\"async\" src=\"https:\/\/www.pilous.cz\/user_uploads\/METAL\/Picto_tabulka\/01_kolo.jpg\" alt=\"\"><\/td><td>60\/70\/100\/120<\/td><td>55\/65\/90\/105<\/td><td>55\/65\/90\/105<\/td><\/tr><tr><td class=\"has-text-align-center\" data-align=\"center\"><img decoding=\"async\" src=\"https:\/\/www.pilous.cz\/user_uploads\/METAL\/Picto_tabulka\/02_ctverec.jpg\" alt=\"\"><\/td><td>55\/65\/100\/110<\/td><td>50\/60\/90\/100<\/td><td>50\/60\/90\/100<\/td><\/tr><tr><td class=\"has-text-align-center\" data-align=\"center\"><img decoding=\"async\" src=\"https:\/\/www.pilous.cz\/user_uploads\/METAL\/Picto_tabulka\/03_obdelnik.jpg\" alt=\"\"><\/td><td>75 x 45\/90 x 45\/<br>140 x 90\/140 x 100<\/td><td>55 x 45\/70 x 45\/<br>100 x 90\/100 x 100<\/td><td>55 x 45\/70 x 45\/<br>100 x 90\/100 x 100<\/td><\/tr><\/tbody><\/table><\/figure>\n\n\n\n<div class=\"wp-block-buttons is-layout-flex wp-block-buttons-is-layout-flex\">\n<div class=\"wp-block-button has-custom-width wp-block-button__width-25\"><a class=\"wp-block-button__link has-white-color has-vivid-red-background-color has-text-color has-background wp-element-button\" href=\"https:\/\/swebalk.com\/wp-content\/uploads\/2023\/08\/KKS-250-T-Datasheet.pdf\" target=\"_blank\" rel=\"noreferrer noopener\">Produktblad KKS 250 T<\/a><\/div>\n\n\n\n<div class=\"wp-block-button has-custom-width wp-block-button__width-25\"><a class=\"wp-block-button__link has-white-color has-vivid-red-background-color has-text-color has-background wp-element-button\" href=\"https:\/\/swebalk.com\/wp-content\/uploads\/2023\/08\/KKS-275-T-Datasheet.pdf\" target=\"_blank\" rel=\"noreferrer noopener\">Produktblad KKS 275 T<\/a><\/div>\n\n\n\n<div class=\"wp-block-button has-custom-width wp-block-button__width-25\"><a class=\"wp-block-button__link has-white-color has-vivid-red-background-color has-text-color has-background wp-element-button\" href=\"https:\/\/swebalk.com\/wp-content\/uploads\/2023\/08\/KKS-315-T-Datasheet.pdf\" target=\"_blank\" rel=\"noreferrer noopener\">Produktblad KKS 315 T<\/a><\/div>\n\n\n\n<div class=\"wp-block-button has-custom-width wp-block-button__width-25\"><a class=\"wp-block-button__link has-white-color has-vivid-red-background-color has-text-color has-background wp-element-button\" href=\"https:\/\/swebalk.com\/wp-content\/uploads\/2023\/08\/KKS-350-T-Datasheet.pdf\" target=\"_blank\" rel=\"noreferrer noopener\">Produktblad KKS 350 T<\/a><\/div>\n<\/div>","protected":false},"excerpt":{"rendered":"<p>Art. 102119KKS 250 T Art. 102118KKS 275 T Art. 102120KKS 315 T Art. 102121KKS 350 T Manuella kalls\u00e5gar KKS T \u00e4r utrustade med allt du beh\u00f6ver f\u00f6r att bearbeta mindre r\u00f6r och profiler. Du kan klippa exakta geringar med alla modeller. Skruvstycken p\u00e5 modellen KKS T315\/350 \u00e4r sj\u00e4lvcentrerande f\u00f6r optimal sk\u00e4rning. Modeller med 250\/275 mm [&hellip;]<\/p>\n","protected":false},"author":1,"featured_media":0,"parent":399,"menu_order":0,"comment_status":"closed","ping_status":"closed","template":"templates\/template-full.php","meta":{"_acf_changed":false,"footnotes":""},"class_list":["post-1145","page","type-page","status-publish","hentry","post"],"acf":[],"_links":{"self":[{"href":"https:\/\/swebalk.com\/en\/wp-json\/wp\/v2\/pages\/1145","targetHints":{"allow":["GET"]}}],"collection":[{"href":"https:\/\/swebalk.com\/en\/wp-json\/wp\/v2\/pages"}],"about":[{"href":"https:\/\/swebalk.com\/en\/wp-json\/wp\/v2\/types\/page"}],"author":[{"embeddable":true,"href":"https:\/\/swebalk.com\/en\/wp-json\/wp\/v2\/users\/1"}],"replies":[{"embeddable":true,"href":"https:\/\/swebalk.com\/en\/wp-json\/wp\/v2\/comments?post=1145"}],"version-history":[{"count":3,"href":"https:\/\/swebalk.com\/en\/wp-json\/wp\/v2\/pages\/1145\/revisions"}],"predecessor-version":[{"id":1925,"href":"https:\/\/swebalk.com\/en\/wp-json\/wp\/v2\/pages\/1145\/revisions\/1925"}],"up":[{"embeddable":true,"href":"https:\/\/swebalk.com\/en\/wp-json\/wp\/v2\/pages\/399"}],"wp:attachment":[{"href":"https:\/\/swebalk.com\/en\/wp-json\/wp\/v2\/media?parent=1145"}],"curies":[{"name":"wp","href":"https:\/\/api.w.org\/{rel}","templated":true}]}}