{"id":1134,"date":"2023-08-22T13:42:28","date_gmt":"2023-08-22T13:42:28","guid":{"rendered":"https:\/\/swebalk.com\/?page_id=1134"},"modified":"2023-08-30T17:33:22","modified_gmt":"2023-08-30T17:33:22","slug":"kapmaskin-kas-400-p","status":"publish","type":"page","link":"https:\/\/swebalk.com\/en\/produkter\/skarandebearbetning\/sagning-kapning\/kapmaskin-kas-400-p\/","title":{"rendered":"Kapmaskin KAS 400 P"},"content":{"rendered":"<p>Art. 102122<\/p>\n\n\n\n<div class=\"wp-block-columns is-layout-flex wp-container-core-columns-is-layout-9d6595d7 wp-block-columns-is-layout-flex\">\n<div class=\"wp-block-column is-layout-flow wp-block-column-is-layout-flow\">\n<figure class=\"wp-block-image size-full\"><img decoding=\"async\" src=\"https:\/\/swebalk.com\/wp-content\/uploads\/2023\/08\/image-31.png\" alt=\"\" class=\"wp-image-1135\"\/><\/figure>\n\n\n\n<div class=\"wp-block-columns is-layout-flex wp-container-core-columns-is-layout-9d6595d7 wp-block-columns-is-layout-flex\">\n<div class=\"wp-block-column is-layout-flow wp-block-column-is-layout-flow\">\n<figure class=\"wp-block-image size-full\"><img decoding=\"async\" src=\"https:\/\/swebalk.com\/wp-content\/uploads\/2023\/08\/image-32.png\" alt=\"\" class=\"wp-image-1136\"\/><\/figure>\n<\/div>\n\n\n\n<div class=\"wp-block-column is-layout-flow wp-block-column-is-layout-flow\">\n<figure class=\"wp-block-image size-full\"><img decoding=\"async\" src=\"https:\/\/swebalk.com\/wp-content\/uploads\/2023\/08\/image-33.png\" alt=\"\" class=\"wp-image-1137\"\/><\/figure>\n<\/div>\n\n\n\n<div class=\"wp-block-column is-layout-flow wp-block-column-is-layout-flow\">\n<figure class=\"wp-block-image size-full\"><img decoding=\"async\" src=\"https:\/\/swebalk.com\/wp-content\/uploads\/2023\/08\/image-34.png\" alt=\"\" class=\"wp-image-1138\"\/><\/figure>\n<\/div>\n<\/div>\n<\/div>\n\n\n\n<div class=\"wp-block-column is-layout-flow wp-block-column-is-layout-flow\">\n<figure class=\"wp-block-table is-style-stripes has-small-font-size\"><table><tbody><tr><td>Kapklingans diameter max<\/td><td>400 mm<\/td><\/tr><tr><td>Kapklingas h\u00e5l diameter<\/td><td>32 mm<\/td><\/tr><tr><td>Varvtal<\/td><td>3000 v\/min<\/td><\/tr><tr><td>Arbetsh\u00f6jd<\/td><td>900 mm<\/td><\/tr><tr><td>Motor<\/td><td>2,2 kW<\/td><\/tr><tr><td>Dimension (LxBxH) mm<\/td><td>660 x 730 x 1600<\/td><\/tr><tr><td>Vikt<\/td><td>123 kg<\/td><\/tr><\/tbody><\/table><\/figure>\n\n\n\n<p><strong>Standard utrustning<\/strong><\/p>\n\n\n\n<ul class=\"wp-block-list\">\n<li>Kapklinga<\/li>\n\n\n\n<li>2 x horisontala pneumatiska l\u00e5s cylindrar<\/li>\n\n\n\n<li>Kyl system<\/li>\n\n\n\n<li>Bl\u00e5spistol<\/li>\n\n\n\n<li>Stativ<\/li>\n<\/ul>\n<\/div>\n<\/div>\n\n\n\n<figure class=\"wp-block-table\"><table><tbody><tr><td class=\"has-text-align-center\" data-align=\"center\"><strong><br><\/strong><\/td><td><strong>0\u00b0<\/strong><\/td><td><strong>-45\u00b0<\/strong><\/td><td><strong>+45\u00b0<\/strong><\/td><\/tr><tr><td class=\"has-text-align-center\" data-align=\"center\"><img decoding=\"async\" alt=\"\" src=\"https:\/\/www.pilous.cz\/user_uploads\/METAL\/Picto_tabulka\/01_kolo.jpg\"><\/td><td>138<\/td><td>125<\/td><td>125<\/td><\/tr><tr><td class=\"has-text-align-center\" data-align=\"center\"><img decoding=\"async\" alt=\"\" src=\"https:\/\/www.pilous.cz\/user_uploads\/METAL\/Picto_tabulka\/02_ctverec.jpg\"><\/td><td>138<\/td><td>125<\/td><td>125<\/td><\/tr><tr><td class=\"has-text-align-center\" data-align=\"center\"><img decoding=\"async\" alt=\"\" src=\"https:\/\/www.pilous.cz\/user_uploads\/METAL\/Picto_tabulka\/03_obdelnik.jpg\"><\/td><td>205 x 125<\/td><td>145 x 125<\/td><td>145 x 125<\/td><\/tr><\/tbody><\/table><\/figure>\n\n\n\n<p>KAS-serien maskiner \u00e4r designade f\u00f6r optimal bearbetning f\u00f6r aluminiumst\u00e4nger och aluminiumprofiler. Kaphuvudet kan enkelt och snabbt st\u00e4llas in i vinkel (f\u00f6r gering upp till 45\u00b0 \u00e5t v\u00e4nster och h\u00f6ger), och pneumatiska grip cylindrar h\u00e5ller arbetsstycket p\u00e5 plats. Med sin kompakta design och vinkel noggrannhet anv\u00e4nds dessa maskiner i fasad- och f\u00f6nster konstruktioner och \u00e4ven inom mekanik och systemteknik, n\u00e4r l\u00e4ttmetaller m\u00e5ste kapas till l\u00e4ngd med liten eller ingen omarbetning.<\/p>\n\n\n\n<p>Bands\u00e5gen kan p\u00e5 beg\u00e4ran levereras med passande rullbanor samt m\u00e4tskalan och material stopp.<\/p>\n\n\n\n<p>F\u00f6r mer info om produkten och tillbeh\u00f6r se produktblad eller kontakta oss.<\/p>\n\n\n\n<div class=\"wp-block-buttons is-layout-flex wp-block-buttons-is-layout-flex\">\n<div class=\"wp-block-button\"><a class=\"wp-block-button__link has-white-color has-vivid-red-background-color has-text-color has-background wp-element-button\" href=\"https:\/\/swebalk.com\/wp-content\/uploads\/2023\/08\/KAS-400-P-Datasheet.pdf\" target=\"_blank\" rel=\"noreferrer noopener\">Produktblad KAS 400 P<\/a><\/div>\n<\/div>","protected":false},"excerpt":{"rendered":"<p>Art. 102122 Kapklingans diameter max 400 mm Kapklingas h\u00e5l diameter 32 mm Varvtal 3000 v\/min Arbetsh\u00f6jd 900 mm Motor 2,2 kW Dimension (LxBxH) mm 660 x 730 x 1600 Vikt 123 kg Standard utrustning 0\u00b0 -45\u00b0 +45\u00b0 138 125 125 138 125 125 205 x 125 145 x 125 145 x 125 KAS-serien maskiner \u00e4r [&hellip;]<\/p>\n","protected":false},"author":1,"featured_media":0,"parent":399,"menu_order":0,"comment_status":"closed","ping_status":"closed","template":"templates\/template-full.php","meta":{"_acf_changed":false,"footnotes":""},"class_list":["post-1134","page","type-page","status-publish","hentry","post"],"acf":[],"_links":{"self":[{"href":"https:\/\/swebalk.com\/en\/wp-json\/wp\/v2\/pages\/1134","targetHints":{"allow":["GET"]}}],"collection":[{"href":"https:\/\/swebalk.com\/en\/wp-json\/wp\/v2\/pages"}],"about":[{"href":"https:\/\/swebalk.com\/en\/wp-json\/wp\/v2\/types\/page"}],"author":[{"embeddable":true,"href":"https:\/\/swebalk.com\/en\/wp-json\/wp\/v2\/users\/1"}],"replies":[{"embeddable":true,"href":"https:\/\/swebalk.com\/en\/wp-json\/wp\/v2\/comments?post=1134"}],"version-history":[{"count":3,"href":"https:\/\/swebalk.com\/en\/wp-json\/wp\/v2\/pages\/1134\/revisions"}],"predecessor-version":[{"id":1923,"href":"https:\/\/swebalk.com\/en\/wp-json\/wp\/v2\/pages\/1134\/revisions\/1923"}],"up":[{"embeddable":true,"href":"https:\/\/swebalk.com\/en\/wp-json\/wp\/v2\/pages\/399"}],"wp:attachment":[{"href":"https:\/\/swebalk.com\/en\/wp-json\/wp\/v2\/media?parent=1134"}],"curies":[{"name":"wp","href":"https:\/\/api.w.org\/{rel}","templated":true}]}}