{"id":1109,"date":"2023-08-22T12:35:20","date_gmt":"2023-08-22T12:35:20","guid":{"rendered":"https:\/\/swebalk.com\/?page_id=1109"},"modified":"2023-08-30T17:34:29","modified_gmt":"2023-08-30T17:34:29","slug":"vertikal-kallbandsag-vb-a-series","status":"publish","type":"page","link":"https:\/\/swebalk.com\/en\/produkter\/skarandebearbetning\/sagning-kapning\/vertikal-kallbandsag-vb-a-series\/","title":{"rendered":"Vertikal kallbands\u00e5g VB-A Series"},"content":{"rendered":"<figure class=\"wp-block-table is-style-stripes\"><table><tbody><tr><td>Art. 102640<br>VB 300 A<\/td><td>Art. 102641<br>VB 400 A<\/td><td>Art. 102642<br>VB 500 A<\/td><td>Art. 102643<br>VB 585 A<\/td><\/tr><\/tbody><\/table><\/figure>\n\n\n\n<div class=\"wp-block-columns is-layout-flex wp-container-core-columns-is-layout-9d6595d7 wp-block-columns-is-layout-flex\">\n<div class=\"wp-block-column is-layout-flow wp-block-column-is-layout-flow\">\n<figure class=\"wp-block-image size-full\"><img decoding=\"async\" src=\"https:\/\/swebalk.com\/wp-content\/uploads\/2023\/08\/image-30.png\" alt=\"\" class=\"wp-image-1114\"\/><\/figure>\n<\/div>\n\n\n\n<div class=\"wp-block-column is-layout-flow wp-block-column-is-layout-flow\">\n<p>En robust vertikal bands\u00e5g i VB-A serier passar alla verkst\u00e4der som bearbetar st\u00e5l. Men man dessa ocks\u00e5 l\u00e4mpar sig f\u00f6r s\u00e5gning i andra materialen s\u00e5 som aluminium, tr\u00e4, plast etc. Modellerna i VB A-serien \u00e4r designade f\u00f6r allsidig anv\u00e4ndning och k\u00e4nnetecknas av sin styva konstruktion, stabila arbetsbord och variabla hastigheter.<\/p>\n\n\n\n<p>VB-A vertikala kalbands\u00e5gar finns i fyra olika versioner.<\/p>\n\n\n\n<p>F\u00f6r mer info om produkten och tillbeh\u00f6r se produktblad eller kontakta oss.<\/p>\n<\/div>\n<\/div>\n\n\n\n<figure class=\"wp-block-table is-style-stripes has-small-font-size\"><table><thead><tr><th>Modell<\/th><th>VB 300 A<br>Art. 102640<\/th><th>VB 400 A<br>Art. 102641<\/th><th>VB 500 A<br>Art. 102642<\/th><th>VB 585 A<br>Art. 102643<\/th><\/tr><\/thead><tbody><tr><td>Arbetsstycken vikt inkl. magnet platta (max.) (mm)<\/td><td>210<\/td><td>400<\/td><td>680<\/td><td>850<\/td><\/tr><tr><td>Avst\u00e5nd spindel &#8211; arbetsbord (mm)<\/td><td>470<\/td><td>640<\/td><td>640<\/td><td>640<\/td><\/tr><tr><td>Storlek magnet bord<\/td><td>500 x 200<\/td><td>700 x 300<\/td><td>1000 x 400<\/td><td>1600 x 400<\/td><\/tr><tr><td>R\u00f6relse X-axel (mm)<\/td><td>560<\/td><td>800<\/td><td>1120<\/td><td>1780<\/td><\/tr><tr><td>R\u00f6relse Z-axel (mm)<\/td><td>220<\/td><td>330<\/td><td>430<\/td><td>430<\/td><\/tr><tr><td>Varvtal (m\/min)<\/td><td>500-3500<\/td><td>500-2300<\/td><td>500-2300<\/td><td>500-2300<\/td><\/tr><tr><td>Motor effekt (kW)<\/td><td>3,7<\/td><td>3,7<\/td><td>5,5<\/td><td>5,5<\/td><\/tr><tr><td>Slipskivan (mm)<\/td><td>255 x 50,8 x 25<\/td><td>400 x 127 x 40<\/td><td>400 x 127 x 40<\/td><td>400 x 127 x 40<\/td><\/tr><tr><td>Maskin dimension (m)<\/td><td>2,4 x 1,75 x 2,4<\/td><td>2,9 x 1,9 x 2,5<\/td><td>2,9 x 1,9 x 2,5<\/td><td>6,5 x 3 x 2,5<\/td><\/tr><\/tbody><\/table><\/figure>\n\n\n\n<div class=\"wp-block-buttons is-layout-flex wp-block-buttons-is-layout-flex\">\n<div class=\"wp-block-button has-custom-width wp-block-button__width-25\"><a class=\"wp-block-button__link has-white-color has-vivid-red-background-color has-text-color has-background wp-element-button\" href=\"https:\/\/swebalk.com\/wp-content\/uploads\/2023\/08\/VB-300-A-Datasheet.pdf\" target=\"_blank\" rel=\"noreferrer noopener\">Produktblad VB 300 A<\/a><\/div>\n\n\n\n<div class=\"wp-block-button has-custom-width wp-block-button__width-25\"><a class=\"wp-block-button__link has-white-color has-vivid-red-background-color has-text-color has-background wp-element-button\" href=\"https:\/\/swebalk.com\/wp-content\/uploads\/2023\/08\/VB-400-A-Datasheet.pdf\" target=\"_blank\" rel=\"noreferrer noopener\">Produktblad VB 400 A<\/a><\/div>\n\n\n\n<div class=\"wp-block-button has-custom-width wp-block-button__width-25\"><a class=\"wp-block-button__link has-white-color has-vivid-red-background-color has-text-color has-background wp-element-button\" href=\"https:\/\/swebalk.com\/wp-content\/uploads\/2023\/08\/VB-500-A-Datasheet.pdf\" target=\"_blank\" rel=\"noreferrer noopener\">Produktblad VB 500 A<\/a><\/div>\n\n\n\n<div class=\"wp-block-button has-custom-width wp-block-button__width-25\"><a class=\"wp-block-button__link has-white-color has-vivid-red-background-color has-text-color has-background wp-element-button\" href=\"https:\/\/swebalk.com\/wp-content\/uploads\/2023\/08\/VB-585-A-Datasheet.pdf\" target=\"_blank\" rel=\"noreferrer noopener\">Produktblad VB 585 A<\/a><\/div>\n<\/div>","protected":false},"excerpt":{"rendered":"<p>Art. 102640VB 300 A Art. 102641VB 400 A Art. 102642VB 500 A Art. 102643VB 585 A En robust vertikal bands\u00e5g i VB-A serier passar alla verkst\u00e4der som bearbetar st\u00e5l. Men man dessa ocks\u00e5 l\u00e4mpar sig f\u00f6r s\u00e5gning i andra materialen s\u00e5 som aluminium, tr\u00e4, plast etc. Modellerna i VB A-serien \u00e4r designade f\u00f6r allsidig anv\u00e4ndning [&hellip;]<\/p>\n","protected":false},"author":1,"featured_media":0,"parent":399,"menu_order":0,"comment_status":"closed","ping_status":"closed","template":"templates\/template-full.php","meta":{"_acf_changed":false,"footnotes":""},"class_list":["post-1109","page","type-page","status-publish","hentry","post"],"acf":[],"_links":{"self":[{"href":"https:\/\/swebalk.com\/en\/wp-json\/wp\/v2\/pages\/1109","targetHints":{"allow":["GET"]}}],"collection":[{"href":"https:\/\/swebalk.com\/en\/wp-json\/wp\/v2\/pages"}],"about":[{"href":"https:\/\/swebalk.com\/en\/wp-json\/wp\/v2\/types\/page"}],"author":[{"embeddable":true,"href":"https:\/\/swebalk.com\/en\/wp-json\/wp\/v2\/users\/1"}],"replies":[{"embeddable":true,"href":"https:\/\/swebalk.com\/en\/wp-json\/wp\/v2\/comments?post=1109"}],"version-history":[{"count":2,"href":"https:\/\/swebalk.com\/en\/wp-json\/wp\/v2\/pages\/1109\/revisions"}],"predecessor-version":[{"id":1924,"href":"https:\/\/swebalk.com\/en\/wp-json\/wp\/v2\/pages\/1109\/revisions\/1924"}],"up":[{"embeddable":true,"href":"https:\/\/swebalk.com\/en\/wp-json\/wp\/v2\/pages\/399"}],"wp:attachment":[{"href":"https:\/\/swebalk.com\/en\/wp-json\/wp\/v2\/media?parent=1109"}],"curies":[{"name":"wp","href":"https:\/\/api.w.org\/{rel}","templated":true}]}}